{"id":1473,"date":"2024-11-22T13:24:00","date_gmt":"2024-11-22T12:24:00","guid":{"rendered":"https:\/\/polymer-composites.cz\/?page_id=1473"},"modified":"2025-08-15T21:58:11","modified_gmt":"2025-08-15T20:58:11","slug":"polymer-composites-2025","status":"publish","type":"page","link":"https:\/\/polymer-composites.cz\/en\/polymer-composites-2025\/","title":{"rendered":"Polymer Composites 2025"},"content":{"rendered":"<header class=\"entry-header\">\n<h2>International Conference Polymer Composites 2025<\/h2>\n<p>ASSOCIATES FOR TECHNICAL SUPPORT AND PROMOTION OF POLYMER COMPOSITES, Expert Group \u2013 Mechanics of Composite<br \/>\nMaterials and Structures, Czech Society for Mechanics CTU in Prague, Faculty of Mechanical Engineering are organizing the international conference POLYMER COMPOSITES 2025 on<\/p>\n<p><strong>May 27-28, 2025<\/strong><\/p>\n<p>Venue and accommodation reservation:<br \/>\nLH Hotel Dvo\u0159\u00e1k T\u00e1bor, Hradebn\u00ed 3037, T\u00e1bor<br \/>\n<a href=\"http:\/\/www.lhdvoraktabor.cz\">www.lhdvoraktabor.cz<\/a><br \/>\ntel.: +420 381 212 221<br \/>\n(Accommodation is not covered by the entry fee)<\/p>\n<p><a href=\"#application\">Application below &gt;<\/a><\/p>\n<p>The aim of the conference is to familiarize participants with the latest findings in the field of research, development and calculations of composite materials, including technologies for their production, processing and advanced applications.<\/p>\n<p><strong>Thematic focus of the conference:<\/strong><\/p>\n<p>material development and their properties<br \/>\nprocessing technology<br \/>\nnanocomposites<br \/>\ninnovative applications<br \/>\nconstructions and calculations<\/p>\n<p><strong>Deadlines:<\/strong><\/p>\n<p>applications for contributions with a short abstract (approx. 300 words)<br \/>\nby <span style=\"text-decoration: line-through;\">30. 3. 2025<\/span> <strong>13.4.2025<\/strong><br \/>\nconfirmation of acceptance of contributions will be sent by the organizer<br \/>\nby <span style=\"text-decoration: line-through;\">4. 4. 2025<\/span> <strong>16.4.2025<\/strong><br \/>\napplication for promotional activities<br \/>\nby <span style=\"text-decoration: line-through;\">20. 4. 2025<\/span> <strong>30.4.2025<\/strong><br \/>\nfull text of accepted contributions for printing in the proceedings<br \/>\nby <strong>20. 4. 2025<\/strong><br \/>\nInternational Conference Polymer Composites 2025<\/p>\n<a href=\"https:\/\/polymer-composites.cz\/wp-content\/uploads\/2024\/11\/PC_2025.pdf\" class=\"pdfemb-viewer\" style=\"\" data-width=\"max\" data-height=\"max\" data-toolbar=\"both\" data-toolbar-fixed=\"on\">International Conference Polymer Composites 2025<\/a>\n<\/header>\n<a href=\"https:\/\/polymer-composites.cz\/wp-content\/uploads\/2025\/05\/program_PC2025_EN_final.pdf\" class=\"pdfemb-viewer\" style=\"\" data-width=\"max\" data-height=\"max\" data-toolbar=\"both\" data-toolbar-fixed=\"on\">program_PC2025_EN_final<\/a>\n<a href=\"https:\/\/polymer-composites.cz\/wp-content\/uploads\/2025\/05\/sbornik_PC2025_final_web.pdf\" class=\"pdfemb-viewer\" style=\"\" data-width=\"max\" data-height=\"max\" data-toolbar=\"both\" data-toolbar-fixed=\"on\">sbornik_PC2025_final_web<\/a>\n<header class=\"entry-header\">&nbsp;<\/p>\n<\/header>\n","protected":false},"excerpt":{"rendered":"<p>International Conference Polymer Composites 2025 ASSOCIATES FOR TECHNICAL SUPPORT AND PROMOTION OF POLYMER COMPOSITES, Expert Group \u2013 Mechanics of Composite Materials and Structures, Czech Society for Mechanics CTU in Prague, Faculty of Mechanical Engineering are organizing the international conference POLYMER COMPOSITES 2025 on May 27-28, 2025 Venue and accommodation reservation: LH Hotel Dvo\u0159\u00e1k T\u00e1bor, Hradebn\u00ed&#8230;<\/p>\n","protected":false},"author":1,"featured_media":0,"parent":0,"menu_order":0,"comment_status":"closed","ping_status":"closed","template":"","meta":{"_exactmetrics_skip_tracking":false,"_exactmetrics_sitenote_active":false,"_exactmetrics_sitenote_note":"","_exactmetrics_sitenote_category":0,"footnotes":""},"class_list":["post-1473","page","type-page","status-publish","hentry"],"yoast_head":"<!-- This site is optimized with the Yoast SEO plugin v26.8 - https:\/\/yoast.com\/product\/yoast-seo-wordpress\/ -->\n<title>Polymer Composites 2025 - Association for Technical Support and Promotion of Polymer Composites<\/title>\n<meta name=\"robots\" content=\"index, follow, max-snippet:-1, max-image-preview:large, max-video-preview:-1\" \/>\n<link rel=\"canonical\" href=\"https:\/\/polymer-composites.cz\/en\/polymer-composites-2025\/\" \/>\n<meta property=\"og:locale\" content=\"en_US\" \/>\n<meta property=\"og:type\" content=\"article\" \/>\n<meta property=\"og:title\" content=\"Polymer Composites 2025 - Association for Technical Support and Promotion of Polymer Composites\" \/>\n<meta property=\"og:description\" content=\"International Conference Polymer Composites 2025 ASSOCIATES FOR TECHNICAL SUPPORT AND PROMOTION OF POLYMER COMPOSITES, Expert Group \u2013 Mechanics of Composite Materials and Structures, Czech Society for Mechanics CTU in Prague, Faculty of Mechanical Engineering are organizing the international conference POLYMER COMPOSITES 2025 on May 27-28, 2025 Venue and accommodation reservation: LH Hotel Dvo\u0159\u00e1k T\u00e1bor, Hradebn\u00ed...\" \/>\n<meta property=\"og:url\" content=\"https:\/\/polymer-composites.cz\/en\/polymer-composites-2025\/\" \/>\n<meta property=\"og:site_name\" content=\"Association for Technical Support and Promotion of Polymer Composites\" \/>\n<meta property=\"article:modified_time\" content=\"2025-08-15T20:58:11+00:00\" \/>\n<meta name=\"twitter:card\" content=\"summary_large_image\" \/>\n<meta name=\"twitter:label1\" content=\"Est. reading time\" \/>\n\t<meta name=\"twitter:data1\" content=\"2 minutes\" \/>\n<script type=\"application\/ld+json\" class=\"yoast-schema-graph\">{\"@context\":\"https:\/\/schema.org\",\"@graph\":[{\"@type\":\"WebPage\",\"@id\":\"https:\/\/polymer-composites.cz\/en\/polymer-composites-2025\/\",\"url\":\"https:\/\/polymer-composites.cz\/en\/polymer-composites-2025\/\",\"name\":\"Polymer Composites 2025 - Association for Technical Support and Promotion of Polymer Composites\",\"isPartOf\":{\"@id\":\"https:\/\/polymer-composites.cz\/en\/#website\"},\"datePublished\":\"2024-11-22T12:24:00+00:00\",\"dateModified\":\"2025-08-15T20:58:11+00:00\",\"breadcrumb\":{\"@id\":\"https:\/\/polymer-composites.cz\/en\/polymer-composites-2025\/#breadcrumb\"},\"inLanguage\":\"en-US\",\"potentialAction\":[{\"@type\":\"ReadAction\",\"target\":[\"https:\/\/polymer-composites.cz\/en\/polymer-composites-2025\/\"]}]},{\"@type\":\"BreadcrumbList\",\"@id\":\"https:\/\/polymer-composites.cz\/en\/polymer-composites-2025\/#breadcrumb\",\"itemListElement\":[{\"@type\":\"ListItem\",\"position\":1,\"name\":\"Home\",\"item\":\"https:\/\/polymer-composites.cz\/en\/home\/\"},{\"@type\":\"ListItem\",\"position\":2,\"name\":\"Polymer Composites 2025\"}]},{\"@type\":\"WebSite\",\"@id\":\"https:\/\/polymer-composites.cz\/en\/#website\",\"url\":\"https:\/\/polymer-composites.cz\/en\/\",\"name\":\"Association for Technical Support and Promotion of Polymer Composites\",\"description\":\"\",\"potentialAction\":[{\"@type\":\"SearchAction\",\"target\":{\"@type\":\"EntryPoint\",\"urlTemplate\":\"https:\/\/polymer-composites.cz\/en\/?s={search_term_string}\"},\"query-input\":{\"@type\":\"PropertyValueSpecification\",\"valueRequired\":true,\"valueName\":\"search_term_string\"}}],\"inLanguage\":\"en-US\"}]}<\/script>\n<!-- \/ Yoast SEO plugin. -->","yoast_head_json":{"title":"Polymer Composites 2025 - Association for Technical Support and Promotion of Polymer Composites","robots":{"index":"index","follow":"follow","max-snippet":"max-snippet:-1","max-image-preview":"max-image-preview:large","max-video-preview":"max-video-preview:-1"},"canonical":"https:\/\/polymer-composites.cz\/en\/polymer-composites-2025\/","og_locale":"en_US","og_type":"article","og_title":"Polymer Composites 2025 - Association for Technical Support and Promotion of Polymer Composites","og_description":"International Conference Polymer Composites 2025 ASSOCIATES FOR TECHNICAL SUPPORT AND PROMOTION OF POLYMER COMPOSITES, Expert Group \u2013 Mechanics of Composite Materials and Structures, Czech Society for Mechanics CTU in Prague, Faculty of Mechanical Engineering are organizing the international conference POLYMER COMPOSITES 2025 on May 27-28, 2025 Venue and accommodation reservation: LH Hotel Dvo\u0159\u00e1k T\u00e1bor, Hradebn\u00ed...","og_url":"https:\/\/polymer-composites.cz\/en\/polymer-composites-2025\/","og_site_name":"Association for Technical Support and Promotion of Polymer Composites","article_modified_time":"2025-08-15T20:58:11+00:00","twitter_card":"summary_large_image","twitter_misc":{"Est. reading time":"2 minutes"},"schema":{"@context":"https:\/\/schema.org","@graph":[{"@type":"WebPage","@id":"https:\/\/polymer-composites.cz\/en\/polymer-composites-2025\/","url":"https:\/\/polymer-composites.cz\/en\/polymer-composites-2025\/","name":"Polymer Composites 2025 - Association for Technical Support and Promotion of Polymer Composites","isPartOf":{"@id":"https:\/\/polymer-composites.cz\/en\/#website"},"datePublished":"2024-11-22T12:24:00+00:00","dateModified":"2025-08-15T20:58:11+00:00","breadcrumb":{"@id":"https:\/\/polymer-composites.cz\/en\/polymer-composites-2025\/#breadcrumb"},"inLanguage":"en-US","potentialAction":[{"@type":"ReadAction","target":["https:\/\/polymer-composites.cz\/en\/polymer-composites-2025\/"]}]},{"@type":"BreadcrumbList","@id":"https:\/\/polymer-composites.cz\/en\/polymer-composites-2025\/#breadcrumb","itemListElement":[{"@type":"ListItem","position":1,"name":"Home","item":"https:\/\/polymer-composites.cz\/en\/home\/"},{"@type":"ListItem","position":2,"name":"Polymer Composites 2025"}]},{"@type":"WebSite","@id":"https:\/\/polymer-composites.cz\/en\/#website","url":"https:\/\/polymer-composites.cz\/en\/","name":"Association for Technical Support and Promotion of Polymer Composites","description":"","potentialAction":[{"@type":"SearchAction","target":{"@type":"EntryPoint","urlTemplate":"https:\/\/polymer-composites.cz\/en\/?s={search_term_string}"},"query-input":{"@type":"PropertyValueSpecification","valueRequired":true,"valueName":"search_term_string"}}],"inLanguage":"en-US"}]}},"_links":{"self":[{"href":"https:\/\/polymer-composites.cz\/en\/wp-json\/wp\/v2\/pages\/1473","targetHints":{"allow":["GET"]}}],"collection":[{"href":"https:\/\/polymer-composites.cz\/en\/wp-json\/wp\/v2\/pages"}],"about":[{"href":"https:\/\/polymer-composites.cz\/en\/wp-json\/wp\/v2\/types\/page"}],"author":[{"embeddable":true,"href":"https:\/\/polymer-composites.cz\/en\/wp-json\/wp\/v2\/users\/1"}],"replies":[{"embeddable":true,"href":"https:\/\/polymer-composites.cz\/en\/wp-json\/wp\/v2\/comments?post=1473"}],"version-history":[{"count":13,"href":"https:\/\/polymer-composites.cz\/en\/wp-json\/wp\/v2\/pages\/1473\/revisions"}],"predecessor-version":[{"id":1579,"href":"https:\/\/polymer-composites.cz\/en\/wp-json\/wp\/v2\/pages\/1473\/revisions\/1579"}],"wp:attachment":[{"href":"https:\/\/polymer-composites.cz\/en\/wp-json\/wp\/v2\/media?parent=1473"}],"curies":[{"name":"wp","href":"https:\/\/api.w.org\/{rel}","templated":true}]}}