{"id":944,"date":"2017-11-03T14:44:42","date_gmt":"2017-11-03T13:44:42","guid":{"rendered":"https:\/\/polymer-composites.cz\/looking-back-at-the-international-conference-polymer-composites-2017\/"},"modified":"2017-11-03T14:44:42","modified_gmt":"2017-11-03T13:44:42","slug":"looking-back-at-the-international-conference-polymer-composites-2017","status":"publish","type":"page","link":"https:\/\/polymer-composites.cz\/en\/looking-back-at-the-international-conference-polymer-composites-2017\/","title":{"rendered":"Looking back at the international conference Polymer Composites 2017"},"content":{"rendered":"<p>On May 17th and 18th the further year of the traditional conference on polymer composites took place in the beautiful surroundings of\u00a0Stud\u00e1nka Hotel &#8211; conference and relaxation centre near Rychnov nad Kn\u011b\u017enou. The conference was organized by Association for technical support and promotion of polymer composites in cooperation with Matrix a.s., Automotive division.<\/p>\n<h3><a class=\"btn\" style=\"margin: auto; text-align: center; width: 70%; display: block; background: #8A022B; color: white;\" href=\"https:\/\/polymer-composites.cz\/wp-content\/uploads\/2017\/04\/kompozity_EN_nahled.pdf\">PROGRAM POLYMER COMPOSITES 2017<\/a><\/h3>\n<h3><a class=\"btn\" style=\"margin: auto; text-align: center; width: 70%; display: block; background: #8A022B; color: white;\" href=\"https:\/\/polymer-composites.cz\/wp-content\/uploads\/2017\/12\/Sborn\u00edk-konference-PK-2017-1-1.pdf\">PROCEEDINGS<\/a><\/h3>\n<p>The event was attended by 102 experts &#8211; 74 from the Czech Republic, 4 from Slovakia, 13 from Hungary (participation of representatives of the cooperating Hungarian association EMSz), 4 from Austria, 2 from Germany, 2 from Poland and one from Italy, France and Croatia. 23 lectures were presented, of which 3 were plenary ones &#8211; an overview was given by Dipl.-Ing. Gerhard Wurzer, President of the Austrian Interessengruppe verst\u00e4rkter Kunststoffe (IVK). Participants also could listen to 4 contributions in the Design and Analyses section, 5 in the Technology and Applications section and 11 in the Materials, Features and Testing section.<\/p>\n<p>High quality simultaneous interpreting between two conference languages &#8211; Czech (Slovak) and English &#8211; was provided by agency Tyda Praha (Dr. Eratov\u00e1, Dr. Gabriel), who are cooperating with the organizing committee of the conference for many years.<\/p>\n<p>3 papers from the scientific and research sphere were presented in the form of posters.\u00a0 7 companies took advantage of the presentation in the form of an exhibition area, eight companies advertised in the program brochure and 6 companies put the advertisement in the conference proceedings. Among the participants were members of five technical universities &#8211; \u010cVUT Praha, VUT Brno, TU Liberec, University Pardubice and TU Ko\u0161ice, representatives of important trade companies and specialists from production plants.<\/p>\n<p>Participants took advantage for informal discussions and to create new contacts the evening party. The music group from Nov\u00e9 M\u011bsto nad Metuj\u00ed, which offered both to listen and dance high-quality popular songs from the regions of the participating countries and as well as the rich selection of culinary specialties in the form of a banquet, provided by Hotel Stud\u00e1nka, contributed to its successful performance.<\/p>\n<p>The conference received a very positive response from both lecturers and participants from the point of view of a quality professional program, the number of participants and the perfect organization of the event with the significant contribution of agency ww8 new generation from Choce\u0148.<\/p>\n<p>&nbsp;<\/p>\n","protected":false},"excerpt":{"rendered":"<p>On May 17th and 18th the further year of the traditional conference on polymer composites took place in the beautiful surroundings of\u00a0Stud\u00e1nka Hotel &#8211; conference and relaxation centre near Rychnov nad Kn\u011b\u017enou. The conference was organized by Association for technical support and promotion of polymer composites in cooperation with Matrix a.s., Automotive division. PROGRAM POLYMER&#8230;<\/p>\n","protected":false},"author":1,"featured_media":0,"parent":0,"menu_order":0,"comment_status":"closed","ping_status":"closed","template":"","meta":{"_exactmetrics_skip_tracking":false,"_exactmetrics_sitenote_active":false,"_exactmetrics_sitenote_note":"","_exactmetrics_sitenote_category":0,"footnotes":""},"class_list":["post-944","page","type-page","status-publish","hentry"],"yoast_head":"<!-- This site is optimized with the Yoast SEO plugin v26.8 - https:\/\/yoast.com\/product\/yoast-seo-wordpress\/ -->\n<title>Looking back at the international conference Polymer Composites 2017 - Association for Technical Support and Promotion of Polymer Composites<\/title>\n<meta name=\"robots\" content=\"index, follow, max-snippet:-1, max-image-preview:large, max-video-preview:-1\" \/>\n<link rel=\"canonical\" href=\"https:\/\/polymer-composites.cz\/en\/looking-back-at-the-international-conference-polymer-composites-2017\/\" \/>\n<meta property=\"og:locale\" content=\"en_US\" \/>\n<meta property=\"og:type\" content=\"article\" \/>\n<meta property=\"og:title\" content=\"Looking back at the international conference Polymer Composites 2017 - Association for Technical Support and Promotion of Polymer Composites\" \/>\n<meta property=\"og:description\" content=\"On May 17th and 18th the further year of the traditional conference on polymer composites took place in the beautiful surroundings of\u00a0Stud\u00e1nka Hotel &#8211; conference and relaxation centre near Rychnov nad Kn\u011b\u017enou. The conference was organized by Association for technical support and promotion of polymer composites in cooperation with Matrix a.s., Automotive division. PROGRAM POLYMER...\" \/>\n<meta property=\"og:url\" content=\"https:\/\/polymer-composites.cz\/en\/looking-back-at-the-international-conference-polymer-composites-2017\/\" \/>\n<meta property=\"og:site_name\" content=\"Association for Technical Support and Promotion of Polymer Composites\" \/>\n<meta name=\"twitter:card\" content=\"summary_large_image\" \/>\n<meta name=\"twitter:label1\" content=\"Est. reading time\" \/>\n\t<meta name=\"twitter:data1\" content=\"2 minutes\" \/>\n<script type=\"application\/ld+json\" class=\"yoast-schema-graph\">{\"@context\":\"https:\/\/schema.org\",\"@graph\":[{\"@type\":\"WebPage\",\"@id\":\"https:\/\/polymer-composites.cz\/en\/looking-back-at-the-international-conference-polymer-composites-2017\/\",\"url\":\"https:\/\/polymer-composites.cz\/en\/looking-back-at-the-international-conference-polymer-composites-2017\/\",\"name\":\"Looking back at the international conference Polymer Composites 2017 - Association for Technical Support and Promotion of Polymer Composites\",\"isPartOf\":{\"@id\":\"https:\/\/polymer-composites.cz\/en\/#website\"},\"datePublished\":\"2017-11-03T13:44:42+00:00\",\"breadcrumb\":{\"@id\":\"https:\/\/polymer-composites.cz\/en\/looking-back-at-the-international-conference-polymer-composites-2017\/#breadcrumb\"},\"inLanguage\":\"en-US\",\"potentialAction\":[{\"@type\":\"ReadAction\",\"target\":[\"https:\/\/polymer-composites.cz\/en\/looking-back-at-the-international-conference-polymer-composites-2017\/\"]}]},{\"@type\":\"BreadcrumbList\",\"@id\":\"https:\/\/polymer-composites.cz\/en\/looking-back-at-the-international-conference-polymer-composites-2017\/#breadcrumb\",\"itemListElement\":[{\"@type\":\"ListItem\",\"position\":1,\"name\":\"Home\",\"item\":\"https:\/\/polymer-composites.cz\/en\/home\/\"},{\"@type\":\"ListItem\",\"position\":2,\"name\":\"Looking back at the international conference Polymer Composites 2017\"}]},{\"@type\":\"WebSite\",\"@id\":\"https:\/\/polymer-composites.cz\/en\/#website\",\"url\":\"https:\/\/polymer-composites.cz\/en\/\",\"name\":\"Association for Technical Support and Promotion of Polymer Composites\",\"description\":\"\",\"potentialAction\":[{\"@type\":\"SearchAction\",\"target\":{\"@type\":\"EntryPoint\",\"urlTemplate\":\"https:\/\/polymer-composites.cz\/en\/?s={search_term_string}\"},\"query-input\":{\"@type\":\"PropertyValueSpecification\",\"valueRequired\":true,\"valueName\":\"search_term_string\"}}],\"inLanguage\":\"en-US\"}]}<\/script>\n<!-- \/ Yoast SEO plugin. -->","yoast_head_json":{"title":"Looking back at the international conference Polymer Composites 2017 - Association for Technical Support and Promotion of Polymer Composites","robots":{"index":"index","follow":"follow","max-snippet":"max-snippet:-1","max-image-preview":"max-image-preview:large","max-video-preview":"max-video-preview:-1"},"canonical":"https:\/\/polymer-composites.cz\/en\/looking-back-at-the-international-conference-polymer-composites-2017\/","og_locale":"en_US","og_type":"article","og_title":"Looking back at the international conference Polymer Composites 2017 - Association for Technical Support and Promotion of Polymer Composites","og_description":"On May 17th and 18th the further year of the traditional conference on polymer composites took place in the beautiful surroundings of\u00a0Stud\u00e1nka Hotel &#8211; conference and relaxation centre near Rychnov nad Kn\u011b\u017enou. The conference was organized by Association for technical support and promotion of polymer composites in cooperation with Matrix a.s., Automotive division. PROGRAM POLYMER...","og_url":"https:\/\/polymer-composites.cz\/en\/looking-back-at-the-international-conference-polymer-composites-2017\/","og_site_name":"Association for Technical Support and Promotion of Polymer Composites","twitter_card":"summary_large_image","twitter_misc":{"Est. reading time":"2 minutes"},"schema":{"@context":"https:\/\/schema.org","@graph":[{"@type":"WebPage","@id":"https:\/\/polymer-composites.cz\/en\/looking-back-at-the-international-conference-polymer-composites-2017\/","url":"https:\/\/polymer-composites.cz\/en\/looking-back-at-the-international-conference-polymer-composites-2017\/","name":"Looking back at the international conference Polymer Composites 2017 - Association for Technical Support and Promotion of Polymer Composites","isPartOf":{"@id":"https:\/\/polymer-composites.cz\/en\/#website"},"datePublished":"2017-11-03T13:44:42+00:00","breadcrumb":{"@id":"https:\/\/polymer-composites.cz\/en\/looking-back-at-the-international-conference-polymer-composites-2017\/#breadcrumb"},"inLanguage":"en-US","potentialAction":[{"@type":"ReadAction","target":["https:\/\/polymer-composites.cz\/en\/looking-back-at-the-international-conference-polymer-composites-2017\/"]}]},{"@type":"BreadcrumbList","@id":"https:\/\/polymer-composites.cz\/en\/looking-back-at-the-international-conference-polymer-composites-2017\/#breadcrumb","itemListElement":[{"@type":"ListItem","position":1,"name":"Home","item":"https:\/\/polymer-composites.cz\/en\/home\/"},{"@type":"ListItem","position":2,"name":"Looking back at the international conference Polymer Composites 2017"}]},{"@type":"WebSite","@id":"https:\/\/polymer-composites.cz\/en\/#website","url":"https:\/\/polymer-composites.cz\/en\/","name":"Association for Technical Support and Promotion of Polymer Composites","description":"","potentialAction":[{"@type":"SearchAction","target":{"@type":"EntryPoint","urlTemplate":"https:\/\/polymer-composites.cz\/en\/?s={search_term_string}"},"query-input":{"@type":"PropertyValueSpecification","valueRequired":true,"valueName":"search_term_string"}}],"inLanguage":"en-US"}]}},"_links":{"self":[{"href":"https:\/\/polymer-composites.cz\/en\/wp-json\/wp\/v2\/pages\/944","targetHints":{"allow":["GET"]}}],"collection":[{"href":"https:\/\/polymer-composites.cz\/en\/wp-json\/wp\/v2\/pages"}],"about":[{"href":"https:\/\/polymer-composites.cz\/en\/wp-json\/wp\/v2\/types\/page"}],"author":[{"embeddable":true,"href":"https:\/\/polymer-composites.cz\/en\/wp-json\/wp\/v2\/users\/1"}],"replies":[{"embeddable":true,"href":"https:\/\/polymer-composites.cz\/en\/wp-json\/wp\/v2\/comments?post=944"}],"version-history":[{"count":0,"href":"https:\/\/polymer-composites.cz\/en\/wp-json\/wp\/v2\/pages\/944\/revisions"}],"wp:attachment":[{"href":"https:\/\/polymer-composites.cz\/en\/wp-json\/wp\/v2\/media?parent=944"}],"curies":[{"name":"wp","href":"https:\/\/api.w.org\/{rel}","templated":true}]}}