{"id":948,"date":"2018-03-09T11:28:16","date_gmt":"2018-03-09T10:28:16","guid":{"rendered":"https:\/\/polymer-composites.cz\/polymer-compostites-2019\/"},"modified":"2018-03-09T11:28:16","modified_gmt":"2018-03-09T10:28:16","slug":"polymer-compostites-2019","status":"publish","type":"page","link":"https:\/\/polymer-composites.cz\/en\/polymer-compostites-2019\/","title":{"rendered":"Polymer compostites 2019"},"content":{"rendered":"<p><strong>Looking back at the international conference Polymer Composites 2019<\/strong><\/p>\n<p>&nbsp;<\/p>\n<p>Another year of the traditional International conference Polymer Composites was held on May<\/p>\n<p>15-16th in the Congress LH Hotel Dvorak in Tabor. The conference was organized by the Society for Technical Support and Promotion of Polymer Composites\u00a0(<a href=\"http:\/\/www.polymer-composites.cz\/\">www.polymer-composites.cz<\/a>) in cooperation with the Sub branch Mechanics of of Composite Materials and Structures, SYNPO Pardubice, Havel Composites Sv\u00e9sedlice, STTA Plze\u0148 and CTU, Faculty of Mechanical Engineering and Industrial School of Mechanical and Building\u00a0 inT\u00e1bor.<\/p>\n<p>The conference was opened by the mayor of city T\u00e1bor, who was the patron of the event. In a short performance he was pleased that Tabor became a venue for a important international event and he introduced to participants the city&#8217;s attractions and charming surroundings.<\/p>\n<p>&nbsp;<\/p>\n<p>96 experts from the Czech Republic, Slovakia, Hungary (representatives of the cooperating Association EMSz), Germany, Austria, Poland, Ukraine, Italy, England, France and Turkey took part in the conference. There were presented 24 papers &#8211; 2 plenary lectures, 2 in the section Design and Analyses, 7 in the section Technology and Applications, 9 in the section Materials, Properties, Testing and 4 in special section Company presentations. Five works from universities and research institutes were presented in the poster section. Six companies used the offer the presentation in the form of exhibition space.<\/p>\n<p>&nbsp;<\/p>\n<p>Very interesting were two plenary lectures: Contribution &#8220;Myths and Reality in Properties and Applications of Composite Materials in Mechanical Engineering&#8221; by Prof. R\u016f\u017ei\u010dka from CTU Prague and by Ing. Uher from CompoTech Plus discussed in detail several basic aspects of using polymer composites often as irreplaceable materials in competition with traditional metals. Second plenary lecture by Prof. Schledjewski of Montanuniversit\u00e4t Leoben &#8220;Infusion and injection technology &#8211; a wide range of versatile and promising processing technologies&#8221; was a perfect overview of the benefits and challenges of using individual closed technologies for modern composite production.<\/p>\n<p>&nbsp;<\/p>\n<p>Contributions in individual sections were devoted mainly to advanced\u00a0 matrix materials with high heat resistance and excellent strength characteristics combined with carbon fibers and advanced technologies, especially for series production and special applications. An important and welcome contribution of the conference were, apart from its own professional program, the meetings of experts from a number of workplaces and countries during informal discussions and a successful social evening, where the flawless organization and culinary background of the Dvo\u0159\u00e1k Hotel has a significant share. The simultaneous interpretation of lectures provided by TYDA philological experts was also highly appreciated.<\/p>\n<p>&nbsp;<\/p>\n<p>PC 2019 was highly appreciated both by lecturers and participants in terms of professional level and the course of the event, it is possible that next year&#8217;s PC 2021 will be held again in T\u00e1bor.<\/p>\n<hr \/>\n<h2 style=\"text-align: center;\">POLYMER COMPOSITES 2019<\/h2>\n<h5 style=\"text-align: center;\">May 15 \u2013 16, 2019<\/h5>\n<p style=\"text-align: center;\">Czech Republic, T\u00e1bor<\/p>\n<p>The aim of the Conference is to enable specialists from research and industry to present actual knowledge and trends in technology of composite materials, research and development, analyses and trends in manufacturing and applications of these materials.<\/p>\n<p><strong>Conference program will be focused on topics as follows:<\/strong><\/p>\n<ul>\n<li>development of materials and their properties<\/li>\n<li>processing technologies<\/li>\n<li>nanocomposites<\/li>\n<li>innovative applications<\/li>\n<li>design and analyses<\/li>\n<\/ul>\n<div class=\"su-accordion su-u-trim\"><div class=\"su-spoiler su-spoiler-style-default su-spoiler-icon-plus su-spoiler-closed\" data-scroll-offset=\"0\" data-anchor-in-url=\"no\"><div class=\"su-spoiler-title\" tabindex=\"0\" role=\"button\"><span class=\"su-spoiler-icon\"><\/span>Program of conference &gt;<\/div><div class=\"su-spoiler-content su-u-clearfix su-u-trim\">\n<p><strong><a href=\"http:\/\/polymer-composites.arcs.cz\/2019\/en\/\">Program of conference &#8211; new window &gt;<\/a><\/strong><\/p>\n<p><a href=\"https:\/\/polymer-composites.cz\/wp-content\/uploads\/2019\/03\/program_PC2019_EN_final.pdf\"><strong>Program of conference &#8211; open\/download pdf &gt;<\/strong><\/a><\/p>\n<a href=\"https:\/\/polymer-composites.cz\/wp-content\/uploads\/2019\/03\/program_PC2019_EN_final.pdf\" class=\"pdfemb-viewer\" style=\"\" data-width=\"max\" data-height=\"max\" data-toolbar=\"both\" data-toolbar-fixed=\"on\">program_PC2019_EN_final<\/a>\n<p><strong><a href=\"http:\/\/polymer-composites.arcs.cz\/2019\/en\/\">Program of conference &#8211; full window &gt;<\/a><\/strong><\/p>\n<p><a href=\"https:\/\/polymer-composites.cz\/wp-content\/uploads\/2019\/03\/program_PC2019_EN_final.pdf\"><strong>Program of conference &#8211; open\/download pdf &gt;<\/strong><\/a><\/p>\n<\/div><\/div> <\/div>\n<p><!-- \n[su_accordion][su_spoiler title=\"For registration form please click here &gt;\" open=\"no\" style=\"default\" icon=\"plus\" anchor=\"\" class=\"\"][contact-form-7 id=\"534\" title=\"Registration - Polymer composites 2019 - en\"][\/su_spoiler] [\/su_accordion] --><\/p>\n<p>The conference fee includes organization costs proceeding book (ISBN) with the abstracts and full texts of lectures and CD, branch meeting, board: two lunches and refreshment during coffee breaks<br \/>\n<!-- \n<strong>Deadlines:<\/strong>\n\n\n<ul>\n \t\n\n<li>preliminary application for participations with abstract (cca 300 words) until <strong>31st January 2019<\/strong><\/li>\n\n\n \t\n\n<li>the authors of accepted papers will be notified until <strong>28th February 2019<\/strong><\/li>\n\n\n \t\n\n<li>application of promotion activities until <strong>28th February 2019<\/strong><\/li>\n\n\n \t\n\n<li>the deadline for submission of manuscripts for publication in the conference proceedings until <strong>31st March 2019<\/strong><\/li>\n\n\n<\/ul>\n\n\n<strong>Contact address:<\/strong>\n<a href=\"mailto:pc2019@polymer-composites.cz\">pc2019@polymer-composites.cz<\/a>\n\n<strong>Venue of the conference (Accommodation booking):<\/strong>\n\nLH Hotel Dvo\u0159\u00e1k T\u00e1bor, Hradebn\u00ed 3037, T\u00e1bor\n<a href=\"http:\/\/www.lhdvoraktabor.cz\">www.lhdvoraktabor.cz<\/a>\n+420 381 212 221\n\n<em>Please note that accommodation is not included.<\/em>\n\n[Best_Wordpress_Gallery id=\"3\" gal_title=\"Hotel T\u00e1bor\"]\n\n\n<h3><\/h3>\n\n\n\n\n\n<hr \/>\n\n\n\n<strong>Partners of Conference:<\/strong>\n\n\n<h4>Poster presentations and short communications of student and postgraduate works will form a special section<\/h4>\n\n\n<strong>Company promotion:\u00a0<\/strong> exhibition area, advertisement in conference program and proceedings book, distribution of technical literature.\n\n\n<ul>\n \t\n\n<li>participation with oral presentation 180 EUR<\/li>\n\n\n \t\n\n<li>participation with poster presentation 180 EUR<\/li>\n\n\n \t\n\n<li>renting of an exhibition area (poster and table) 350 EUR<\/li>\n\n\n \t\n\n<li>advertisement in the conference program 220 EUR<\/li>\n\n\n \t\n\n<li>advertisement in the proceedings book 310 EUR<\/li>\n\n\n \t\n\n<li>placement of logo on proceedings book envelope 260 EUR<\/li>\n\n\n \t\n\n<li>distribution of promotion materials 65 EUR<\/li>\n\n\n<\/ul>\n\n\n[pdf-embedder url=\"https:\/\/polymer-composites.cz\/wp-content\/uploads\/2018\/03\/First_call_2019_Final-2-2.pdf\"]\n\n--><\/p>\n","protected":false},"excerpt":{"rendered":"<p>Looking back at the international conference Polymer Composites 2019 &nbsp; Another year of the traditional International conference Polymer Composites was held on May 15-16th in the Congress LH Hotel Dvorak in Tabor. The conference was organized by the Society for Technical Support and Promotion of Polymer Composites\u00a0(www.polymer-composites.cz) in cooperation with the Sub branch Mechanics of&#8230;<\/p>\n","protected":false},"author":1,"featured_media":1031,"parent":0,"menu_order":0,"comment_status":"closed","ping_status":"closed","template":"","meta":{"_exactmetrics_skip_tracking":false,"_exactmetrics_sitenote_active":false,"_exactmetrics_sitenote_note":"","_exactmetrics_sitenote_category":0,"footnotes":""},"class_list":["post-948","page","type-page","status-publish","has-post-thumbnail","hentry"],"yoast_head":"<!-- This site is optimized with the Yoast SEO plugin v26.8 - https:\/\/yoast.com\/product\/yoast-seo-wordpress\/ -->\n<title>Polymer compostites 2019 - Association for Technical Support and Promotion of Polymer Composites<\/title>\n<meta name=\"robots\" content=\"index, follow, max-snippet:-1, max-image-preview:large, max-video-preview:-1\" \/>\n<link rel=\"canonical\" href=\"https:\/\/polymer-composites.cz\/en\/polymer-compostites-2019\/\" \/>\n<meta property=\"og:locale\" content=\"en_US\" \/>\n<meta property=\"og:type\" content=\"article\" \/>\n<meta property=\"og:title\" content=\"Polymer compostites 2019 - Association for Technical Support and Promotion of Polymer Composites\" \/>\n<meta property=\"og:description\" content=\"Looking back at the international conference Polymer Composites 2019 &nbsp; Another year of the traditional International conference Polymer Composites was held on May 15-16th in the Congress LH Hotel Dvorak in Tabor. The conference was organized by the Society for Technical Support and Promotion of Polymer Composites\u00a0(www.polymer-composites.cz) in cooperation with the Sub branch Mechanics of...\" \/>\n<meta property=\"og:url\" content=\"https:\/\/polymer-composites.cz\/en\/polymer-compostites-2019\/\" \/>\n<meta property=\"og:site_name\" content=\"Association for Technical Support and Promotion of Polymer Composites\" \/>\n<meta name=\"twitter:card\" content=\"summary_large_image\" \/>\n<meta name=\"twitter:label1\" content=\"Est. reading time\" \/>\n\t<meta name=\"twitter:data1\" content=\"3 minutes\" \/>\n<script type=\"application\/ld+json\" class=\"yoast-schema-graph\">{\"@context\":\"https:\/\/schema.org\",\"@graph\":[{\"@type\":\"WebPage\",\"@id\":\"https:\/\/polymer-composites.cz\/en\/polymer-compostites-2019\/\",\"url\":\"https:\/\/polymer-composites.cz\/en\/polymer-compostites-2019\/\",\"name\":\"Polymer compostites 2019 - Association for Technical Support and Promotion of Polymer Composites\",\"isPartOf\":{\"@id\":\"https:\/\/polymer-composites.cz\/en\/#website\"},\"primaryImageOfPage\":{\"@id\":\"https:\/\/polymer-composites.cz\/en\/polymer-compostites-2019\/#primaryimage\"},\"image\":{\"@id\":\"https:\/\/polymer-composites.cz\/en\/polymer-compostites-2019\/#primaryimage\"},\"thumbnailUrl\":\"https:\/\/polymer-composites.cz\/wp-content\/uploads\/2018\/03\/kongres.s\u00e1l-neupraven\u00e1.jpg\",\"datePublished\":\"2018-03-09T10:28:16+00:00\",\"breadcrumb\":{\"@id\":\"https:\/\/polymer-composites.cz\/en\/polymer-compostites-2019\/#breadcrumb\"},\"inLanguage\":\"en-US\",\"potentialAction\":[{\"@type\":\"ReadAction\",\"target\":[\"https:\/\/polymer-composites.cz\/en\/polymer-compostites-2019\/\"]}]},{\"@type\":\"ImageObject\",\"inLanguage\":\"en-US\",\"@id\":\"https:\/\/polymer-composites.cz\/en\/polymer-compostites-2019\/#primaryimage\",\"url\":\"https:\/\/polymer-composites.cz\/wp-content\/uploads\/2018\/03\/kongres.s\u00e1l-neupraven\u00e1.jpg\",\"contentUrl\":\"https:\/\/polymer-composites.cz\/wp-content\/uploads\/2018\/03\/kongres.s\u00e1l-neupraven\u00e1.jpg\",\"width\":3872,\"height\":2592},{\"@type\":\"BreadcrumbList\",\"@id\":\"https:\/\/polymer-composites.cz\/en\/polymer-compostites-2019\/#breadcrumb\",\"itemListElement\":[{\"@type\":\"ListItem\",\"position\":1,\"name\":\"Home\",\"item\":\"https:\/\/polymer-composites.cz\/en\/home\/\"},{\"@type\":\"ListItem\",\"position\":2,\"name\":\"Polymer compostites 2019\"}]},{\"@type\":\"WebSite\",\"@id\":\"https:\/\/polymer-composites.cz\/en\/#website\",\"url\":\"https:\/\/polymer-composites.cz\/en\/\",\"name\":\"Association for Technical Support and Promotion of Polymer Composites\",\"description\":\"\",\"potentialAction\":[{\"@type\":\"SearchAction\",\"target\":{\"@type\":\"EntryPoint\",\"urlTemplate\":\"https:\/\/polymer-composites.cz\/en\/?s={search_term_string}\"},\"query-input\":{\"@type\":\"PropertyValueSpecification\",\"valueRequired\":true,\"valueName\":\"search_term_string\"}}],\"inLanguage\":\"en-US\"}]}<\/script>\n<!-- \/ Yoast SEO plugin. -->","yoast_head_json":{"title":"Polymer compostites 2019 - Association for Technical Support and Promotion of Polymer Composites","robots":{"index":"index","follow":"follow","max-snippet":"max-snippet:-1","max-image-preview":"max-image-preview:large","max-video-preview":"max-video-preview:-1"},"canonical":"https:\/\/polymer-composites.cz\/en\/polymer-compostites-2019\/","og_locale":"en_US","og_type":"article","og_title":"Polymer compostites 2019 - Association for Technical Support and Promotion of Polymer Composites","og_description":"Looking back at the international conference Polymer Composites 2019 &nbsp; Another year of the traditional International conference Polymer Composites was held on May 15-16th in the Congress LH Hotel Dvorak in Tabor. The conference was organized by the Society for Technical Support and Promotion of Polymer Composites\u00a0(www.polymer-composites.cz) in cooperation with the Sub branch Mechanics of...","og_url":"https:\/\/polymer-composites.cz\/en\/polymer-compostites-2019\/","og_site_name":"Association for Technical Support and Promotion of Polymer Composites","twitter_card":"summary_large_image","twitter_misc":{"Est. reading time":"3 minutes"},"schema":{"@context":"https:\/\/schema.org","@graph":[{"@type":"WebPage","@id":"https:\/\/polymer-composites.cz\/en\/polymer-compostites-2019\/","url":"https:\/\/polymer-composites.cz\/en\/polymer-compostites-2019\/","name":"Polymer compostites 2019 - Association for Technical Support and Promotion of Polymer Composites","isPartOf":{"@id":"https:\/\/polymer-composites.cz\/en\/#website"},"primaryImageOfPage":{"@id":"https:\/\/polymer-composites.cz\/en\/polymer-compostites-2019\/#primaryimage"},"image":{"@id":"https:\/\/polymer-composites.cz\/en\/polymer-compostites-2019\/#primaryimage"},"thumbnailUrl":"https:\/\/polymer-composites.cz\/wp-content\/uploads\/2018\/03\/kongres.s\u00e1l-neupraven\u00e1.jpg","datePublished":"2018-03-09T10:28:16+00:00","breadcrumb":{"@id":"https:\/\/polymer-composites.cz\/en\/polymer-compostites-2019\/#breadcrumb"},"inLanguage":"en-US","potentialAction":[{"@type":"ReadAction","target":["https:\/\/polymer-composites.cz\/en\/polymer-compostites-2019\/"]}]},{"@type":"ImageObject","inLanguage":"en-US","@id":"https:\/\/polymer-composites.cz\/en\/polymer-compostites-2019\/#primaryimage","url":"https:\/\/polymer-composites.cz\/wp-content\/uploads\/2018\/03\/kongres.s\u00e1l-neupraven\u00e1.jpg","contentUrl":"https:\/\/polymer-composites.cz\/wp-content\/uploads\/2018\/03\/kongres.s\u00e1l-neupraven\u00e1.jpg","width":3872,"height":2592},{"@type":"BreadcrumbList","@id":"https:\/\/polymer-composites.cz\/en\/polymer-compostites-2019\/#breadcrumb","itemListElement":[{"@type":"ListItem","position":1,"name":"Home","item":"https:\/\/polymer-composites.cz\/en\/home\/"},{"@type":"ListItem","position":2,"name":"Polymer compostites 2019"}]},{"@type":"WebSite","@id":"https:\/\/polymer-composites.cz\/en\/#website","url":"https:\/\/polymer-composites.cz\/en\/","name":"Association for Technical Support and Promotion of Polymer Composites","description":"","potentialAction":[{"@type":"SearchAction","target":{"@type":"EntryPoint","urlTemplate":"https:\/\/polymer-composites.cz\/en\/?s={search_term_string}"},"query-input":{"@type":"PropertyValueSpecification","valueRequired":true,"valueName":"search_term_string"}}],"inLanguage":"en-US"}]}},"_links":{"self":[{"href":"https:\/\/polymer-composites.cz\/en\/wp-json\/wp\/v2\/pages\/948","targetHints":{"allow":["GET"]}}],"collection":[{"href":"https:\/\/polymer-composites.cz\/en\/wp-json\/wp\/v2\/pages"}],"about":[{"href":"https:\/\/polymer-composites.cz\/en\/wp-json\/wp\/v2\/types\/page"}],"author":[{"embeddable":true,"href":"https:\/\/polymer-composites.cz\/en\/wp-json\/wp\/v2\/users\/1"}],"replies":[{"embeddable":true,"href":"https:\/\/polymer-composites.cz\/en\/wp-json\/wp\/v2\/comments?post=948"}],"version-history":[{"count":0,"href":"https:\/\/polymer-composites.cz\/en\/wp-json\/wp\/v2\/pages\/948\/revisions"}],"wp:featuredmedia":[{"embeddable":true,"href":"https:\/\/polymer-composites.cz\/en\/wp-json\/wp\/v2\/media\/1031"}],"wp:attachment":[{"href":"https:\/\/polymer-composites.cz\/en\/wp-json\/wp\/v2\/media?parent=948"}],"curies":[{"name":"wp","href":"https:\/\/api.w.org\/{rel}","templated":true}]}}