{"id":958,"date":"2018-11-22T12:24:30","date_gmt":"2018-11-22T11:24:30","guid":{"rendered":"https:\/\/polymer-composites.cz\/registration-form-polymer-composites-2019\/"},"modified":"2018-11-22T12:24:30","modified_gmt":"2018-11-22T11:24:30","slug":"registration-form-polymer-composites-2019","status":"publish","type":"page","link":"https:\/\/polymer-composites.cz\/en\/registration-form-polymer-composites-2019\/","title":{"rendered":"Registration form &#8211; Polymer composites 2019"},"content":{"rendered":"<p>More info about Polymer composites 2019:\u00a0<a href=\"https:\/\/polymer-composites.cz\/polymerni-kompozity-2019\/\">https:\/\/polymer-composites.cz\/polymerni-kompozity-2019\/<\/a><\/p>\n\n<div class=\"wpcf7 no-js\" id=\"wpcf7-f534-o1\" lang=\"cs-CZ\" dir=\"ltr\" data-wpcf7-id=\"534\">\n<div class=\"screen-reader-response\"><p role=\"status\" aria-live=\"polite\" aria-atomic=\"true\"><\/p> <ul><\/ul><\/div>\n<form action=\"\/en\/wp-json\/wp\/v2\/pages\/958#wpcf7-f534-o1\" method=\"post\" class=\"wpcf7-form init\" aria-label=\"Kontaktn\u00ed formul\u00e1\u0159\" novalidate=\"novalidate\" data-status=\"init\">\n<fieldset class=\"hidden-fields-container\"><input type=\"hidden\" name=\"_wpcf7\" value=\"534\" \/><input type=\"hidden\" name=\"_wpcf7_version\" value=\"6.1.5\" \/><input type=\"hidden\" name=\"_wpcf7_locale\" value=\"cs_CZ\" \/><input type=\"hidden\" name=\"_wpcf7_unit_tag\" value=\"wpcf7-f534-o1\" \/><input type=\"hidden\" name=\"_wpcf7_container_post\" value=\"0\" \/><input type=\"hidden\" name=\"_wpcf7_posted_data_hash\" value=\"\" \/><input type=\"hidden\" name=\"_wpcf7_recaptcha_response\" value=\"\" \/>\n<\/fieldset>\n<h2>Registration - Polymer composites 2021\n<\/h2>\n<h3>June 16 \u2013 17, 2021\n<\/h3>\n<h3>Czech Republic, T\u00e1bor\n<\/h3>\n<p><label>Name*<br \/>\n<span class=\"wpcf7-form-control-wrap\" data-name=\"your-name\"><input size=\"40\" maxlength=\"400\" class=\"wpcf7-form-control wpcf7-text wpcf7-validates-as-required\" aria-required=\"true\" aria-invalid=\"false\" value=\"\" type=\"text\" name=\"your-name\" \/><\/span> <\/label>\n<\/p>\n<p><label>Surname*<br \/>\n<span class=\"wpcf7-form-control-wrap\" data-name=\"your-surname\"><input size=\"40\" maxlength=\"400\" class=\"wpcf7-form-control wpcf7-text wpcf7-validates-as-required\" aria-required=\"true\" aria-invalid=\"false\" value=\"\" type=\"text\" name=\"your-surname\" \/><\/span> <\/label>\n<\/p>\n<p><label>Affiliation<br \/>\n<span class=\"wpcf7-form-control-wrap\" data-name=\"affiliation\"><input size=\"40\" maxlength=\"400\" class=\"wpcf7-form-control wpcf7-text\" aria-invalid=\"false\" value=\"\" type=\"text\" name=\"affiliation\" \/><\/span> <\/label>\n<\/p>\n<p><label>Adress*<br \/>\n<span class=\"wpcf7-form-control-wrap\" data-name=\"address\"><input size=\"40\" maxlength=\"400\" class=\"wpcf7-form-control wpcf7-text wpcf7-validates-as-required\" aria-required=\"true\" aria-invalid=\"false\" value=\"\" type=\"text\" name=\"address\" \/><\/span> <\/label>\n<\/p>\n<p><label>City*<br \/>\n<span class=\"wpcf7-form-control-wrap\" data-name=\"city\"><input size=\"40\" maxlength=\"400\" class=\"wpcf7-form-control wpcf7-text wpcf7-validates-as-required\" aria-required=\"true\" aria-invalid=\"false\" value=\"\" type=\"text\" name=\"city\" \/><\/span> <\/label>\n<\/p>\n<p><label>ZIP Code*<br \/>\n<span class=\"wpcf7-form-control-wrap\" data-name=\"zip\"><input size=\"40\" maxlength=\"400\" class=\"wpcf7-form-control wpcf7-text wpcf7-validates-as-required\" aria-required=\"true\" aria-invalid=\"false\" value=\"\" type=\"text\" name=\"zip\" \/><\/span> <\/label>\n<\/p>\n<p><label>ID No.<br \/>\n<span class=\"wpcf7-form-control-wrap\" data-name=\"idno\"><input size=\"40\" maxlength=\"400\" class=\"wpcf7-form-control wpcf7-text\" aria-invalid=\"false\" value=\"\" type=\"text\" name=\"idno\" \/><\/span> <\/label>\n<\/p>\n<p><label>VAT<br \/>\n<span class=\"wpcf7-form-control-wrap\" data-name=\"vat\"><input size=\"40\" maxlength=\"400\" class=\"wpcf7-form-control wpcf7-text\" aria-invalid=\"false\" value=\"\" type=\"text\" name=\"vat\" \/><\/span> <\/label>\n<\/p>\n<p><label>Phone*<br \/>\n<span class=\"wpcf7-form-control-wrap\" data-name=\"tel\"><input size=\"40\" maxlength=\"400\" class=\"wpcf7-form-control wpcf7-tel wpcf7-validates-as-required wpcf7-text wpcf7-validates-as-tel\" aria-required=\"true\" aria-invalid=\"false\" value=\"\" type=\"tel\" name=\"tel\" \/><\/span> <\/label>\n<\/p>\n<p><label>Email*<br \/>\n<span class=\"wpcf7-form-control-wrap\" data-name=\"email\"><input size=\"40\" maxlength=\"400\" class=\"wpcf7-form-control wpcf7-email wpcf7-validates-as-required wpcf7-text wpcf7-validates-as-email\" aria-required=\"true\" aria-invalid=\"false\" value=\"\" type=\"email\" name=\"email\" \/><\/span> <\/label>\n<\/p>\n<h3>Presentation\n<\/h3>\n<p><label><span class=\"wpcf7-form-control-wrap\" data-name=\"presentation\"><select class=\"wpcf7-form-control wpcf7-select\" aria-invalid=\"false\" name=\"presentation\"><option value=\"Attendance without active presentation\">Attendance without active presentation<\/option><option value=\"Oral presentation\">Oral presentation<\/option><option value=\"Poster presentation\">Poster presentation<\/option><\/select><\/span><\/label>\n<\/p>\n<p><label>Title of paper<br \/>\n<span class=\"wpcf7-form-control-wrap\" data-name=\"title-of-paper\"><input size=\"40\" maxlength=\"400\" class=\"wpcf7-form-control wpcf7-text\" aria-invalid=\"false\" value=\"\" type=\"text\" name=\"title-of-paper\" \/><\/span><\/label>\n<\/p>\n<p><label>Autors<br \/>\n<span class=\"wpcf7-form-control-wrap\" data-name=\"authors\"><input size=\"40\" maxlength=\"400\" class=\"wpcf7-form-control wpcf7-text\" aria-invalid=\"false\" value=\"\" type=\"text\" name=\"authors\" \/><\/span><\/label>\n<\/p>\n<p><label>Short annotation (200 words)<br \/>\n<span class=\"wpcf7-form-control-wrap\" data-name=\"annotation\"><textarea cols=\"40\" rows=\"10\" maxlength=\"2000\" class=\"wpcf7-form-control wpcf7-textarea height50\" aria-invalid=\"false\" name=\"annotation\"><\/textarea><\/span><\/label>\n<\/p>\n<p><label class=\"advertopen\">I'm interested in advertising<\/label>\n<\/p>\n<div class=\"advblock>\n\t<p><label><span class=\"wpcf7-form-control-wrap\" data-name=\"advertising-type\"><span class=\"wpcf7-form-control wpcf7-checkbox\"><span class=\"wpcf7-list-item first last\"><input type=\"checkbox\" name=\"advertising-type[]\" value=\"renting of an exhibition area (poster and table) - 350 EUR\" \/><span class=\"wpcf7-list-item-label\">renting of an exhibition area (poster and table) - 350 EUR<\/span><\/span><\/span><\/span><\/label><br \/>\n<label><span class=\"wpcf7-form-control-wrap\" data-name=\"advertising-type\"><span class=\"wpcf7-form-control wpcf7-checkbox\"><span class=\"wpcf7-list-item first last\"><input type=\"checkbox\" name=\"advertising-type[]\" value=\"advertisement in the conference program -220 EUR\" \/><span class=\"wpcf7-list-item-label\">advertisement in the conference program -220 EUR<\/span><\/span><\/span><\/span><\/label><br \/>\n<label><span class=\"wpcf7-form-control-wrap\" data-name=\"advertising-type\"><span class=\"wpcf7-form-control wpcf7-checkbox\"><span class=\"wpcf7-list-item first last\"><input type=\"checkbox\" name=\"advertising-type[]\" value=\"advertisement in the proceedings book - 310 EUR\" \/><span class=\"wpcf7-list-item-label\">advertisement in the proceedings book - 310 EUR<\/span><\/span><\/span><\/span><\/label><br \/>\n<label><span class=\"wpcf7-form-control-wrap\" data-name=\"advertising-type\"><span class=\"wpcf7-form-control wpcf7-checkbox\"><span class=\"wpcf7-list-item first last\"><input type=\"checkbox\" name=\"advertising-type[]\" value=\"placement of logo on proceedings book envelope - 260 EUR\" \/><span class=\"wpcf7-list-item-label\">placement of logo on proceedings book envelope - 260 EUR<\/span><\/span><\/span><\/span><\/label><br \/>\n<label><span class=\"wpcf7-form-control-wrap\" data-name=\"advertising-type\"><span class=\"wpcf7-form-control wpcf7-checkbox\"><span class=\"wpcf7-list-item first last\"><input type=\"checkbox\" name=\"advertising-type[]\" value=\"distribution of promotion materials - 65 EUR\" \/><span class=\"wpcf7-list-item-label\">distribution of promotion materials - 65 EUR<\/span><\/span><\/span><\/span><\/label>\n\t<\/p>\n<\/div>\n<p><label> You message<br \/>\n<span class=\"wpcf7-form-control-wrap\" data-name=\"your-message\"><textarea cols=\"40\" rows=\"10\" maxlength=\"2000\" class=\"wpcf7-form-control wpcf7-textarea\" aria-invalid=\"false\" name=\"your-message\"><\/textarea><\/span> <\/label>\n<\/p>\n<p><input class=\"wpcf7-form-control wpcf7-submit has-spinner\" type=\"submit\" value=\"Submit registration for Polymer composites 2021\" \/><br \/>\n<hr \/>\n<\/p><div class=\"wpcf7-response-output\" aria-hidden=\"true\"><\/div>\n<\/form>\n<\/div>\n\n","protected":false},"excerpt":{"rendered":"<p>More info about Polymer composites 2019:\u00a0https:\/\/polymer-composites.cz\/polymerni-kompozity-2019\/<\/p>\n","protected":false},"author":1,"featured_media":0,"parent":0,"menu_order":0,"comment_status":"closed","ping_status":"closed","template":"","meta":{"_exactmetrics_skip_tracking":false,"_exactmetrics_sitenote_active":false,"_exactmetrics_sitenote_note":"","_exactmetrics_sitenote_category":0,"footnotes":""},"class_list":["post-958","page","type-page","status-publish","hentry"],"yoast_head":"<!-- This site is optimized with the Yoast SEO plugin v26.8 - https:\/\/yoast.com\/product\/yoast-seo-wordpress\/ -->\n<title>Registration form - Polymer composites 2019 - Association for Technical Support and Promotion of Polymer Composites<\/title>\n<meta name=\"robots\" content=\"index, follow, max-snippet:-1, max-image-preview:large, max-video-preview:-1\" \/>\n<link rel=\"canonical\" href=\"https:\/\/polymer-composites.cz\/en\/registration-form-polymer-composites-2019\/\" \/>\n<meta property=\"og:locale\" content=\"en_US\" \/>\n<meta property=\"og:type\" content=\"article\" \/>\n<meta property=\"og:title\" content=\"Registration form - Polymer composites 2019 - Association for Technical Support and Promotion of Polymer Composites\" \/>\n<meta property=\"og:description\" content=\"More info about Polymer composites 2019:\u00a0https:\/\/polymer-composites.cz\/polymerni-kompozity-2019\/\" \/>\n<meta property=\"og:url\" content=\"https:\/\/polymer-composites.cz\/en\/registration-form-polymer-composites-2019\/\" \/>\n<meta property=\"og:site_name\" content=\"Association for Technical Support and Promotion of Polymer Composites\" \/>\n<meta name=\"twitter:card\" content=\"summary_large_image\" \/>\n<script type=\"application\/ld+json\" class=\"yoast-schema-graph\">{\"@context\":\"https:\/\/schema.org\",\"@graph\":[{\"@type\":\"WebPage\",\"@id\":\"https:\/\/polymer-composites.cz\/en\/registration-form-polymer-composites-2019\/\",\"url\":\"https:\/\/polymer-composites.cz\/en\/registration-form-polymer-composites-2019\/\",\"name\":\"Registration form - Polymer composites 2019 - Association for Technical Support and Promotion of Polymer Composites\",\"isPartOf\":{\"@id\":\"https:\/\/polymer-composites.cz\/en\/#website\"},\"datePublished\":\"2018-11-22T11:24:30+00:00\",\"breadcrumb\":{\"@id\":\"https:\/\/polymer-composites.cz\/en\/registration-form-polymer-composites-2019\/#breadcrumb\"},\"inLanguage\":\"en-US\",\"potentialAction\":[{\"@type\":\"ReadAction\",\"target\":[\"https:\/\/polymer-composites.cz\/en\/registration-form-polymer-composites-2019\/\"]}]},{\"@type\":\"BreadcrumbList\",\"@id\":\"https:\/\/polymer-composites.cz\/en\/registration-form-polymer-composites-2019\/#breadcrumb\",\"itemListElement\":[{\"@type\":\"ListItem\",\"position\":1,\"name\":\"Home\",\"item\":\"https:\/\/polymer-composites.cz\/en\/home\/\"},{\"@type\":\"ListItem\",\"position\":2,\"name\":\"Registration form &#8211; Polymer composites 2019\"}]},{\"@type\":\"WebSite\",\"@id\":\"https:\/\/polymer-composites.cz\/en\/#website\",\"url\":\"https:\/\/polymer-composites.cz\/en\/\",\"name\":\"Association for Technical Support and Promotion of Polymer Composites\",\"description\":\"\",\"potentialAction\":[{\"@type\":\"SearchAction\",\"target\":{\"@type\":\"EntryPoint\",\"urlTemplate\":\"https:\/\/polymer-composites.cz\/en\/?s={search_term_string}\"},\"query-input\":{\"@type\":\"PropertyValueSpecification\",\"valueRequired\":true,\"valueName\":\"search_term_string\"}}],\"inLanguage\":\"en-US\"}]}<\/script>\n<!-- \/ Yoast SEO plugin. -->","yoast_head_json":{"title":"Registration form - Polymer composites 2019 - Association for Technical Support and Promotion of Polymer Composites","robots":{"index":"index","follow":"follow","max-snippet":"max-snippet:-1","max-image-preview":"max-image-preview:large","max-video-preview":"max-video-preview:-1"},"canonical":"https:\/\/polymer-composites.cz\/en\/registration-form-polymer-composites-2019\/","og_locale":"en_US","og_type":"article","og_title":"Registration form - Polymer composites 2019 - Association for Technical Support and Promotion of Polymer Composites","og_description":"More info about Polymer composites 2019:\u00a0https:\/\/polymer-composites.cz\/polymerni-kompozity-2019\/","og_url":"https:\/\/polymer-composites.cz\/en\/registration-form-polymer-composites-2019\/","og_site_name":"Association for Technical Support and Promotion of Polymer Composites","twitter_card":"summary_large_image","schema":{"@context":"https:\/\/schema.org","@graph":[{"@type":"WebPage","@id":"https:\/\/polymer-composites.cz\/en\/registration-form-polymer-composites-2019\/","url":"https:\/\/polymer-composites.cz\/en\/registration-form-polymer-composites-2019\/","name":"Registration form - Polymer composites 2019 - Association for Technical Support and Promotion of Polymer Composites","isPartOf":{"@id":"https:\/\/polymer-composites.cz\/en\/#website"},"datePublished":"2018-11-22T11:24:30+00:00","breadcrumb":{"@id":"https:\/\/polymer-composites.cz\/en\/registration-form-polymer-composites-2019\/#breadcrumb"},"inLanguage":"en-US","potentialAction":[{"@type":"ReadAction","target":["https:\/\/polymer-composites.cz\/en\/registration-form-polymer-composites-2019\/"]}]},{"@type":"BreadcrumbList","@id":"https:\/\/polymer-composites.cz\/en\/registration-form-polymer-composites-2019\/#breadcrumb","itemListElement":[{"@type":"ListItem","position":1,"name":"Home","item":"https:\/\/polymer-composites.cz\/en\/home\/"},{"@type":"ListItem","position":2,"name":"Registration form &#8211; Polymer composites 2019"}]},{"@type":"WebSite","@id":"https:\/\/polymer-composites.cz\/en\/#website","url":"https:\/\/polymer-composites.cz\/en\/","name":"Association for Technical Support and Promotion of Polymer Composites","description":"","potentialAction":[{"@type":"SearchAction","target":{"@type":"EntryPoint","urlTemplate":"https:\/\/polymer-composites.cz\/en\/?s={search_term_string}"},"query-input":{"@type":"PropertyValueSpecification","valueRequired":true,"valueName":"search_term_string"}}],"inLanguage":"en-US"}]}},"_links":{"self":[{"href":"https:\/\/polymer-composites.cz\/en\/wp-json\/wp\/v2\/pages\/958","targetHints":{"allow":["GET"]}}],"collection":[{"href":"https:\/\/polymer-composites.cz\/en\/wp-json\/wp\/v2\/pages"}],"about":[{"href":"https:\/\/polymer-composites.cz\/en\/wp-json\/wp\/v2\/types\/page"}],"author":[{"embeddable":true,"href":"https:\/\/polymer-composites.cz\/en\/wp-json\/wp\/v2\/users\/1"}],"replies":[{"embeddable":true,"href":"https:\/\/polymer-composites.cz\/en\/wp-json\/wp\/v2\/comments?post=958"}],"version-history":[{"count":0,"href":"https:\/\/polymer-composites.cz\/en\/wp-json\/wp\/v2\/pages\/958\/revisions"}],"wp:attachment":[{"href":"https:\/\/polymer-composites.cz\/en\/wp-json\/wp\/v2\/media?parent=958"}],"curies":[{"name":"wp","href":"https:\/\/api.w.org\/{rel}","templated":true}]}}