{"id":960,"date":"2020-11-24T19:31:59","date_gmt":"2020-11-24T18:31:59","guid":{"rendered":"https:\/\/polymer-composites.cz\/polymer-compostites-2021\/"},"modified":"2020-11-24T19:31:59","modified_gmt":"2020-11-24T18:31:59","slug":"polymer-compostites-2021","status":"publish","type":"page","link":"https:\/\/polymer-composites.cz\/en\/polymer-compostites-2021\/","title":{"rendered":"Polymer compostites 2021"},"content":{"rendered":"<h1 class=\"entry-title\">Looking back at the international conference Polymer Composites 2021<\/h1>\n<p>On October 26th and 27th, another year of this traditional conference took place again in the LH Hotel Dvo\u0159\u00e1k conference center in T\u00e1bor. The event was organized by the Association for Technical Support and Promotion of Polymer Composites (www.polymer-composites.cz) in cooperation with the Expert Group of Mechanics of Composite Materials and Structures, SYNPO Pardubice, Havel Composites Sv\u00e9sedlice, SAERTEX Saerbeck, STTA Plze\u0148 and CTU Prague, Faculty of Mechanical Engineering. The conference was sponsored by the city of T\u00e1bor, the mayor opened the meeting with a short speech, highlighting the location of this important event for the second time in this memorable city and acquainted the participants with its rich history and sights.<\/p>\n<p>The organizing committee of the conference had to face a number of difficulties in preparing and implementing this year\u2019s event with regard to the situation caused by the ongoing pandemic \u2013 first the transfer from the traditional date in May to June and finally the final timing at the end of October.<\/p>\n<p>Due to these extraordinary circumstances, the conference was attended by fewer experts, out of a total of 56, only 4 were from abroad and therefore simultaneous interpretation of papers was abandoned, the authors of the lectures met the organizers\u2019 request and the pictures and graphs were mostly in English.<\/p>\n<p>Introductory plenary lecture by prof. Milan R\u016f\u017ei\u010dka \u201cFatigue of composite materials\u201d provided a comprehensive view of this issue, which is essential for the construction and use of polymer composites in practice.<\/p>\n<p>Papers in the section Design and analyses were devoted to mathematical models for calculations and optimization of part structures with respect to the assumed stress. The Technology and applications section dealt with a number of examples of the practical use of polymer composites and innovations in production technology. In the most abundant section Materials, properties and testing, participants were introduced to a number of new materials and their properties, such as innovations in the field of investigation of fracture properties of composites, structural sandwich foam from Saertex development, electrospinning of composite nanofiber materials from laboratories \u00a0TUL Liberec and the possibilities of hybrid materials from natural fibers. The professional program ended with a discussion of the participants with the authors of the poster section.<\/p>\n<p>A welcome addition was the associated exhibition of many research institutes and companies, this platform allowed participants not only to get acquainted with modern materials and devices, but especially to establish many new contacts and exchange experiences with colleagues. This important part of the conference continued in the form of informal discussions during the social evening.<\/p>\n<p>The flawless organization and catering provided by the LH Hotel Dvo\u0159\u00e1k T\u00e1bor also contributed to the success of the event, this conference center will probably become the venue for the next year\u2019s Polymer composites 2023 conference\u00a0<a name=\"_GoBack\"><\/a>, hopefully in the usual May term.<\/p>\n<p>&nbsp;<\/p>\n<p><a href=\"https:\/\/polymer-composites.cz\/wp-content\/uploads\/2018\/03\/Logo_PC_250.png\"><img loading=\"lazy\" decoding=\"async\" class=\"alignnone wp-image-439\" src=\"https:\/\/polymer-composites.cz\/wp-content\/uploads\/2018\/03\/Logo_PC_250.png\" alt=\"\" width=\"80\" height=\"48\" \/><\/a> \u00a0<img loading=\"lazy\" decoding=\"async\" class=\"alignnone wp-image-780\" src=\"https:\/\/polymer-composites.cz\/wp-content\/uploads\/2021\/02\/svetplastu_logo__973x181-300x56.png\" alt=\"\" width=\"196\" height=\"38\" srcset=\"https:\/\/polymer-composites.cz\/wp-content\/uploads\/2021\/02\/svetplastu_logo__973x181-300x56.png 300w, https:\/\/polymer-composites.cz\/wp-content\/uploads\/2021\/02\/svetplastu_logo__973x181-900x181.png 900w\" sizes=\"auto, (max-width: 196px) 100vw, 196px\" \/>\u00a0\u00a0 <a href=\"https:\/\/polymer-composites.cz\/wp-content\/uploads\/2021\/02\/csm-logo.jpg\"><img loading=\"lazy\" decoding=\"async\" class=\"alignnone wp-image-781\" src=\"https:\/\/polymer-composites.cz\/wp-content\/uploads\/2021\/02\/csm-logo.jpg\" alt=\"\" width=\"71\" height=\"49\" \/><\/a> \u00a0 <a href=\"https:\/\/polymer-composites.cz\/wp-content\/uploads\/2021\/02\/cvut-logo-blue.png\"><img loading=\"lazy\" decoding=\"async\" class=\"alignnone wp-image-782\" src=\"https:\/\/polymer-composites.cz\/wp-content\/uploads\/2021\/02\/cvut-logo-blue-300x133.png\" alt=\"\" width=\"100\" height=\"57\" \/><\/a><\/p>\n<hr \/>\n<p style=\"text-align: center;\">ASSOCIATION FOR TECHNICAL SUPPORT AND PROMOTION OF POLYMER COMPOSITES<br \/>\nSub branch Mechanics of Composite Materials and Structures of Czech Society for Mechanics<br \/>\nCTU in Prague, Faculty of Mechanical Engineering<\/p>\n<h2 style=\"text-align: center;\">POLYMER COMPOSITES 2021<\/h2>\n<h5 style=\"text-align: center;\">October 26 \u2013 27, 2021<\/h5>\n<p style=\"text-align: center;\">Czech Republic, T\u00e1bor<\/p>\n<hr \/>\n<p>The aim of the Conference was to enable specialists from research and industry to present actual knowledge and trends in technology of composite materials, research and development, analyses and trends in manufacturing and applications of these materials.<\/p>\n<p><strong>Conference program will be focused on topics as follows:<\/strong><\/p>\n<ul>\n<li>development of materials and their properties<\/li>\n<li>processing technologies<\/li>\n<li>nanocomposites<\/li>\n<li>innovative applications<\/li>\n<li>\u00a0design and analyses<\/li>\n<\/ul>\n<p>Conference languages: Czech, Slovak and English.<\/p>\n<div class=\"su-accordion su-u-trim\"><div class=\"su-spoiler su-spoiler-style-default su-spoiler-icon-plus su-spoiler-closed\" data-scroll-offset=\"0\" data-anchor-in-url=\"no\"><div class=\"su-spoiler-title\" tabindex=\"0\" role=\"button\"><span class=\"su-spoiler-icon\"><\/span>Program of conference &gt;<\/div><div class=\"su-spoiler-content su-u-clearfix su-u-trim\">\n<p><a href=\"https:\/\/polymer-composites.cz\/wp-content\/uploads\/2021\/10\/program_PC2021_EN-1.pdf\"><strong>Program of conference &#8211; open\/download pdf &gt;<\/strong><\/a><\/p>\n<a href=\"https:\/\/polymer-composites.cz\/wp-content\/uploads\/2021\/10\/program_PC2021_EN-1.pdf\" class=\"pdfemb-viewer\" style=\"\" data-width=\"max\" data-height=\"max\" data-toolbar=\"both\" data-toolbar-fixed=\"on\">Prvn\u00ed_ozn\u00e1men\u00ed_2021_01_nov\u00fd_term\u00edn-2<\/a>\n<\/div><\/div> <\/div>\n<div class=\"su-accordion su-u-trim\"><div class=\"su-spoiler su-spoiler-style-default su-spoiler-icon-plus su-spoiler-closed\" data-scroll-offset=\"0\" data-anchor-in-url=\"no\"><div class=\"su-spoiler-title\" tabindex=\"0\" role=\"button\"><span class=\"su-spoiler-icon\"><\/span>Conference proceedings &gt;<\/div><div class=\"su-spoiler-content su-u-clearfix su-u-trim\">\n<a href=\"https:\/\/polymer-composites.cz\/wp-content\/uploads\/2021\/11\/sbornik_PC2021_final.pdf\" class=\"pdfemb-viewer\" style=\"\" data-width=\"max\" data-height=\"max\" data-toolbar=\"both\" data-toolbar-fixed=\"on\">Conference proceedings<\/a>\n<p><strong><a href=\"https:\/\/polymer-composites.cz\/wp-content\/uploads\/2021\/11\/sbornik_PC2021_final.pdf\">Conference proceedings &#8211; open\/download pdf &gt;<\/a><\/strong><\/p>\n<\/div><\/div> <\/div>\n<p><!-- [su_accordion][su_spoiler title=\"For registration form please click here &gt;\" open=\"no\" style=\"default\" icon=\"plus\" anchor=\"\" class=\"\"][contact-form-7 id=\"534\" title=\"Registration - Polymer composites 2019 - en\"][\/su_spoiler] [\/su_accordion] --><\/p>\n","protected":false},"excerpt":{"rendered":"<p>Looking back at the international conference Polymer Composites 2021 On October 26th and 27th, another year of this traditional conference took place again in the LH Hotel Dvo\u0159\u00e1k conference center in T\u00e1bor. The event was organized by the Association for Technical Support and Promotion of Polymer Composites (www.polymer-composites.cz) in cooperation with the Expert Group of&#8230;<\/p>\n","protected":false},"author":1,"featured_media":1031,"parent":0,"menu_order":0,"comment_status":"closed","ping_status":"closed","template":"","meta":{"_exactmetrics_skip_tracking":false,"_exactmetrics_sitenote_active":false,"_exactmetrics_sitenote_note":"","_exactmetrics_sitenote_category":0,"footnotes":""},"class_list":["post-960","page","type-page","status-publish","has-post-thumbnail","hentry"],"yoast_head":"<!-- This site is optimized with the Yoast SEO plugin v26.8 - https:\/\/yoast.com\/product\/yoast-seo-wordpress\/ -->\n<title>Polymer compostites 2021 - Association for Technical Support and Promotion of Polymer Composites<\/title>\n<meta name=\"robots\" content=\"index, follow, max-snippet:-1, max-image-preview:large, max-video-preview:-1\" \/>\n<link rel=\"canonical\" href=\"https:\/\/polymer-composites.cz\/en\/polymer-compostites-2021\/\" \/>\n<meta property=\"og:locale\" content=\"en_US\" \/>\n<meta property=\"og:type\" content=\"article\" \/>\n<meta property=\"og:title\" content=\"Polymer compostites 2021 - Association for Technical Support and Promotion of Polymer Composites\" \/>\n<meta property=\"og:description\" content=\"Looking back at the international conference Polymer Composites 2021 On October 26th and 27th, another year of this traditional conference took place again in the LH Hotel Dvo\u0159\u00e1k conference center in T\u00e1bor. The event was organized by the Association for Technical Support and Promotion of Polymer Composites (www.polymer-composites.cz) in cooperation with the Expert Group of...\" \/>\n<meta property=\"og:url\" content=\"https:\/\/polymer-composites.cz\/en\/polymer-compostites-2021\/\" \/>\n<meta property=\"og:site_name\" content=\"Association for Technical Support and Promotion of Polymer Composites\" \/>\n<meta property=\"og:image\" content=\"https:\/\/polymer-composites.cz\/wp-content\/uploads\/2018\/03\/Logo_PC_250.png\" \/>\n<meta name=\"twitter:card\" content=\"summary_large_image\" \/>\n<meta name=\"twitter:label1\" content=\"Est. reading time\" \/>\n\t<meta name=\"twitter:data1\" content=\"3 minutes\" \/>\n<script type=\"application\/ld+json\" class=\"yoast-schema-graph\">{\"@context\":\"https:\/\/schema.org\",\"@graph\":[{\"@type\":\"WebPage\",\"@id\":\"https:\/\/polymer-composites.cz\/en\/polymer-compostites-2021\/\",\"url\":\"https:\/\/polymer-composites.cz\/en\/polymer-compostites-2021\/\",\"name\":\"Polymer compostites 2021 - Association for Technical Support and Promotion of Polymer Composites\",\"isPartOf\":{\"@id\":\"https:\/\/polymer-composites.cz\/en\/#website\"},\"primaryImageOfPage\":{\"@id\":\"https:\/\/polymer-composites.cz\/en\/polymer-compostites-2021\/#primaryimage\"},\"image\":{\"@id\":\"https:\/\/polymer-composites.cz\/en\/polymer-compostites-2021\/#primaryimage\"},\"thumbnailUrl\":\"https:\/\/polymer-composites.cz\/wp-content\/uploads\/2018\/03\/kongres.s\u00e1l-neupraven\u00e1.jpg\",\"datePublished\":\"2020-11-24T18:31:59+00:00\",\"breadcrumb\":{\"@id\":\"https:\/\/polymer-composites.cz\/en\/polymer-compostites-2021\/#breadcrumb\"},\"inLanguage\":\"en-US\",\"potentialAction\":[{\"@type\":\"ReadAction\",\"target\":[\"https:\/\/polymer-composites.cz\/en\/polymer-compostites-2021\/\"]}]},{\"@type\":\"ImageObject\",\"inLanguage\":\"en-US\",\"@id\":\"https:\/\/polymer-composites.cz\/en\/polymer-compostites-2021\/#primaryimage\",\"url\":\"https:\/\/polymer-composites.cz\/wp-content\/uploads\/2018\/03\/kongres.s\u00e1l-neupraven\u00e1.jpg\",\"contentUrl\":\"https:\/\/polymer-composites.cz\/wp-content\/uploads\/2018\/03\/kongres.s\u00e1l-neupraven\u00e1.jpg\",\"width\":3872,\"height\":2592},{\"@type\":\"BreadcrumbList\",\"@id\":\"https:\/\/polymer-composites.cz\/en\/polymer-compostites-2021\/#breadcrumb\",\"itemListElement\":[{\"@type\":\"ListItem\",\"position\":1,\"name\":\"Home\",\"item\":\"https:\/\/polymer-composites.cz\/en\/home\/\"},{\"@type\":\"ListItem\",\"position\":2,\"name\":\"Polymer compostites 2021\"}]},{\"@type\":\"WebSite\",\"@id\":\"https:\/\/polymer-composites.cz\/en\/#website\",\"url\":\"https:\/\/polymer-composites.cz\/en\/\",\"name\":\"Association for Technical Support and Promotion of Polymer Composites\",\"description\":\"\",\"potentialAction\":[{\"@type\":\"SearchAction\",\"target\":{\"@type\":\"EntryPoint\",\"urlTemplate\":\"https:\/\/polymer-composites.cz\/en\/?s={search_term_string}\"},\"query-input\":{\"@type\":\"PropertyValueSpecification\",\"valueRequired\":true,\"valueName\":\"search_term_string\"}}],\"inLanguage\":\"en-US\"}]}<\/script>\n<!-- \/ Yoast SEO plugin. -->","yoast_head_json":{"title":"Polymer compostites 2021 - Association for Technical Support and Promotion of Polymer Composites","robots":{"index":"index","follow":"follow","max-snippet":"max-snippet:-1","max-image-preview":"max-image-preview:large","max-video-preview":"max-video-preview:-1"},"canonical":"https:\/\/polymer-composites.cz\/en\/polymer-compostites-2021\/","og_locale":"en_US","og_type":"article","og_title":"Polymer compostites 2021 - Association for Technical Support and Promotion of Polymer Composites","og_description":"Looking back at the international conference Polymer Composites 2021 On October 26th and 27th, another year of this traditional conference took place again in the LH Hotel Dvo\u0159\u00e1k conference center in T\u00e1bor. The event was organized by the Association for Technical Support and Promotion of Polymer Composites (www.polymer-composites.cz) in cooperation with the Expert Group of...","og_url":"https:\/\/polymer-composites.cz\/en\/polymer-compostites-2021\/","og_site_name":"Association for Technical Support and Promotion of Polymer Composites","og_image":[{"url":"https:\/\/polymer-composites.cz\/wp-content\/uploads\/2018\/03\/Logo_PC_250.png","type":"","width":"","height":""}],"twitter_card":"summary_large_image","twitter_misc":{"Est. reading time":"3 minutes"},"schema":{"@context":"https:\/\/schema.org","@graph":[{"@type":"WebPage","@id":"https:\/\/polymer-composites.cz\/en\/polymer-compostites-2021\/","url":"https:\/\/polymer-composites.cz\/en\/polymer-compostites-2021\/","name":"Polymer compostites 2021 - Association for Technical Support and Promotion of Polymer Composites","isPartOf":{"@id":"https:\/\/polymer-composites.cz\/en\/#website"},"primaryImageOfPage":{"@id":"https:\/\/polymer-composites.cz\/en\/polymer-compostites-2021\/#primaryimage"},"image":{"@id":"https:\/\/polymer-composites.cz\/en\/polymer-compostites-2021\/#primaryimage"},"thumbnailUrl":"https:\/\/polymer-composites.cz\/wp-content\/uploads\/2018\/03\/kongres.s\u00e1l-neupraven\u00e1.jpg","datePublished":"2020-11-24T18:31:59+00:00","breadcrumb":{"@id":"https:\/\/polymer-composites.cz\/en\/polymer-compostites-2021\/#breadcrumb"},"inLanguage":"en-US","potentialAction":[{"@type":"ReadAction","target":["https:\/\/polymer-composites.cz\/en\/polymer-compostites-2021\/"]}]},{"@type":"ImageObject","inLanguage":"en-US","@id":"https:\/\/polymer-composites.cz\/en\/polymer-compostites-2021\/#primaryimage","url":"https:\/\/polymer-composites.cz\/wp-content\/uploads\/2018\/03\/kongres.s\u00e1l-neupraven\u00e1.jpg","contentUrl":"https:\/\/polymer-composites.cz\/wp-content\/uploads\/2018\/03\/kongres.s\u00e1l-neupraven\u00e1.jpg","width":3872,"height":2592},{"@type":"BreadcrumbList","@id":"https:\/\/polymer-composites.cz\/en\/polymer-compostites-2021\/#breadcrumb","itemListElement":[{"@type":"ListItem","position":1,"name":"Home","item":"https:\/\/polymer-composites.cz\/en\/home\/"},{"@type":"ListItem","position":2,"name":"Polymer compostites 2021"}]},{"@type":"WebSite","@id":"https:\/\/polymer-composites.cz\/en\/#website","url":"https:\/\/polymer-composites.cz\/en\/","name":"Association for Technical Support and Promotion of Polymer Composites","description":"","potentialAction":[{"@type":"SearchAction","target":{"@type":"EntryPoint","urlTemplate":"https:\/\/polymer-composites.cz\/en\/?s={search_term_string}"},"query-input":{"@type":"PropertyValueSpecification","valueRequired":true,"valueName":"search_term_string"}}],"inLanguage":"en-US"}]}},"_links":{"self":[{"href":"https:\/\/polymer-composites.cz\/en\/wp-json\/wp\/v2\/pages\/960","targetHints":{"allow":["GET"]}}],"collection":[{"href":"https:\/\/polymer-composites.cz\/en\/wp-json\/wp\/v2\/pages"}],"about":[{"href":"https:\/\/polymer-composites.cz\/en\/wp-json\/wp\/v2\/types\/page"}],"author":[{"embeddable":true,"href":"https:\/\/polymer-composites.cz\/en\/wp-json\/wp\/v2\/users\/1"}],"replies":[{"embeddable":true,"href":"https:\/\/polymer-composites.cz\/en\/wp-json\/wp\/v2\/comments?post=960"}],"version-history":[{"count":0,"href":"https:\/\/polymer-composites.cz\/en\/wp-json\/wp\/v2\/pages\/960\/revisions"}],"wp:featuredmedia":[{"embeddable":true,"href":"https:\/\/polymer-composites.cz\/en\/wp-json\/wp\/v2\/media\/1031"}],"wp:attachment":[{"href":"https:\/\/polymer-composites.cz\/en\/wp-json\/wp\/v2\/media?parent=960"}],"curies":[{"name":"wp","href":"https:\/\/api.w.org\/{rel}","templated":true}]}}